{"id":543,"date":"2014-01-21T00:33:25","date_gmt":"2014-01-21T00:33:25","guid":{"rendered":"http:\/\/impactcoachingsolutions.com\/?page_id=543"},"modified":"2022-01-14T01:16:32","modified_gmt":"2022-01-14T01:16:32","slug":"testimoniales-de-graduados","status":"publish","type":"page","link":"https:\/\/www.impactcoachingsolutions.com\/en\/coaching-training\/testimoniales-de-graduados\/","title":{"rendered":"Testimoniales de Graduados"},"content":{"rendered":"<!--<iframe loading=\"lazy\" src=\"http:\/\/www.youtube.com\/embed\/R9keEZezNKg\" width=\"560\" height=\"315\" frameborder=\"0\" allowfullscreen=\"allowfullscreen\"><\/iframe>--><\/p>\n<p><!--<iframe loading=\"lazy\" width=\"560\" height=\"315\" src=\"https:\/\/www.youtube.com\/embed\/R9keEZezNKg?list=PLIHa1q5za-aDuAwZuTvHpBZqvPm_8fXxn&autoplay=1&loop=1&rel=0\" frameborder=\"0\" allow=\"accelerometer; autoplay; encrypted-media; gyroscope; picture-in-picture\" allowfullscreen><\/iframe>--><\/p>\n<p><iframe loading=\"lazy\" width=\"560\" height=\"315\" src=\"https:\/\/www.youtube.com\/embed\/BdYWMNv9ShE?list=PLIHa1q5za-aDuAwZuTvHpBZqvPm_8fXxn&#038;autoplay=1&#038;loop=1&#038;rel=0\" frameborder=\"0\" allow=\"accelerometer; autoplay; encrypted-media; gyroscope; picture-in-picture\" allowfullscreen><\/iframe><\/p>\n<p><strong>Esto es lo que nuestros graduados piensan del programa de Certificaci\u00f3n de Coaching.<\/strong><\/p>\n<p><em>\u00a0\u201cExcelente entrenamiento, muy profesional y completo. En lo personal me ayudo mucho a fortalecer y consolidar las actividades que actualmente realizo como Executive Coach and Life Coach\u201d. Diciembre 2012.<\/em><\/p>\n<p><strong>Liz Arguedas<\/strong><\/p>\n<p><strong>International Speaker, Life and Executive Coach<\/strong><\/p>\n<p>&nbsp;<\/p>\n<p><em>\u201cEl curso de Coaching ofrecido por Guillermo Mendoza de Impact Coaching Solutions me dio las herramientas necesarias para desarrollar mis habilidades como Coach para ayudar a mis clientes internos mejor. En otras palabras me llevo a otro nivel mis habilidades como Coach\u201d. Diciembre 2013.<\/em><\/p>\n<p><strong>Martha Hern\u00e1ndez<\/strong><\/p>\n<p><strong>Gerente de Recursos Humanos<\/strong><\/p>\n<p><strong>Stanley Black&amp;Decker<\/strong><\/p>\n<p><em>\u201cTrabajo en Recursos Humanos y por mucho tiempo estuve buscando un programa que me ayude a certificarme como Coach, los que encontr\u00e9 me parec\u00edan tediosos, complicados de postular, sin un contenido completo y retador o muy caros. La certificaci\u00f3n de Coach a trav\u00e9s de ICS me permiti\u00f3 obtener los skills y conocimiento para aplicarlos a trav\u00e9s de una metodolog\u00eda clara, balanceada entre teor\u00eda y pr\u00e1ctica con el aporte de Guillermo quien no solo te gu\u00eda en el proceso sino te ense\u00f1a a aprender de ti mismo. Estoy muy satisfecha personal y profesionalmente, por la experiencia con Guillermo e ICS\u201d. Diciembre 2013.<\/em><\/p>\n<p><strong>\u00a0Clarissie Tuesta<\/strong><\/p>\n<p><strong>HR Business Partner<\/strong><\/p>\n<p><strong>Alcatel-Lucent USA Inc.<\/strong><\/p>\n<p>&nbsp;<\/p>\n<p><em>\u201cEste curso fue para mi un autodescubrimiento. Me lleno de herramientas para continuar. Me siento empoderada y lista para poder seguir con esta b\u00fasqueda de mejoramiento por siempre\u201d. Diciembre 2013.<\/em><\/p>\n<p><strong>Jenny Sosa<\/strong><\/p>\n<p><strong>Fitness Trainer<\/strong><\/p>\n<p><strong>Yacht Club<\/strong><\/p>\n<p><em>\u00a0<\/em><\/p>\n<p><em>\u201cExcelente profesional, con mucha experiencia, con muy buen manejo de herramientas y amplia capacidad para comunicar y liderar. Sin duda volver\u00eda a tomar un curso con \u00e9l y lo recomiendo abiertamente. Guillermo es un incre\u00edble posibilitador de transformaciones\u201d. Diciembre 2013.<\/em><\/p>\n<p><strong>Niky Pauli<\/strong><\/p>\n<p><strong>Associate Manager Business Operations<\/strong><\/p>\n<p><strong>ESPN Media Racing<\/strong><\/p>\n<p>&nbsp;<\/p>\n<p><em>\u201cT\u00f3malo y nunca te arrepentir\u00e1s. Las experiencias vividas jam\u00e1s te olvidar\u00e1s. Date esa oportunidad\u201d. Diciembre 2013.<\/em><\/p>\n<p><strong>Rosario Mart\u00ednez<\/strong><\/p>\n<p>&nbsp;<\/p>\n<p><em>\u201cHe encontrado excelentes herramientas para proyectar mi vida hacia el futuro que quiero y ayudar tambi\u00e9n con ellas a muchas personas a mi alrededor\u201d. Diciembre 2013.<\/em><\/p>\n<p><strong>Diego Tangarife<\/strong><\/p>\n<p>&nbsp;<\/p>\n<p><em>\u00a0<\/em><em>\u201cMi experiencia fue espectacular, sin lugar a duda que el entrenamiento me ha cambiado mucho a mi como persona, me dio otra perspectiva muy diferente de las cosas y del poder que tengo sobre mi vida, adem\u00e1s de las herramientas y conocimientos para empezar con mi practica de Coach. Si tienes alguna duda en hacer el curso, hazlo, porque es lo que necesitas\u201d. Diciembre 2013.<\/em><\/p>\n<p><strong>Milagros Varela<\/strong><\/p>\n<p><strong>Reporting Analyst<\/strong><\/p>\n<p><strong>Bigsur Partners<\/strong><\/p>\n<p>&nbsp;<\/p>\n<p><em>\u201cDesde la primera vez que conoc\u00ed a Guillermo me sent\u00ed muy interesada en participar en el curso de certificaci\u00f3n, sin duda la mejor inversi\u00f3n de mi vida. Gracias\u00a1\u201d. Diciembre 2013.<\/em><\/p>\n<p><strong>Carmen Izurieta<\/strong><\/p>\n<p><em>\u00a0<\/em>","protected":false},"excerpt":{"rendered":"<p>Esto es lo que nuestros graduados piensan del programa de Certificaci\u00f3n de Coaching. \u00a0\u201cExcelente entrenamiento, muy profesional y completo. En lo personal me ayudo mucho a fortalecer y consolidar las actividades que actualmente realizo como Executive Coach and Life Coach\u201d. Diciembre 2012. Liz Arguedas International Speaker, Life and Executive Coach &nbsp; \u201cEl curso de Coaching [&hellip;]<\/p>\n","protected":false},"author":1,"featured_media":0,"parent":122,"menu_order":7,"comment_status":"closed","ping_status":"open","template":"","meta":{"_et_pb_use_builder":"","_et_pb_old_content":"","_et_gb_content_width":""},"yoast_head":"<!-- This site is optimized with the Yoast SEO plugin v19.6.1 - https:\/\/yoast.com\/wordpress\/plugins\/seo\/ -->\n<title>Testimoniales de Graduados - Impact Coaching Solutions<\/title>\n<meta name=\"robots\" content=\"index, follow, max-snippet:-1, max-image-preview:large, max-video-preview:-1\" \/>\n<link rel=\"canonical\" href=\"https:\/\/www.impactcoachingsolutions.com\/en\/coaching-training\/testimoniales-de-graduados\/\" \/>\n<meta property=\"og:locale\" content=\"en_US\" \/>\n<meta property=\"og:type\" content=\"article\" \/>\n<meta property=\"og:title\" content=\"Testimoniales de Graduados - Impact Coaching Solutions\" \/>\n<meta property=\"og:description\" content=\"Esto es lo que nuestros graduados piensan del programa de Certificaci\u00f3n de Coaching. \u00a0\u201cExcelente entrenamiento, muy profesional y completo. En lo personal me ayudo mucho a fortalecer y consolidar las actividades que actualmente realizo como Executive Coach and Life Coach\u201d. Diciembre 2012. Liz Arguedas International Speaker, Life and Executive Coach &nbsp; \u201cEl curso de Coaching [&hellip;]\" \/>\n<meta property=\"og:url\" content=\"https:\/\/www.impactcoachingsolutions.com\/en\/coaching-training\/testimoniales-de-graduados\/\" \/>\n<meta property=\"og:site_name\" content=\"Impact Coaching Solutions\" \/>\n<meta property=\"article:modified_time\" content=\"2022-01-14T01:16:32+00:00\" \/>\n<meta name=\"twitter:card\" content=\"summary\" \/>\n<meta name=\"twitter:label1\" content=\"Est. reading time\" \/>\n\t<meta name=\"twitter:data1\" content=\"5 minutes\" \/>\n<script type=\"application\/ld+json\" class=\"yoast-schema-graph\">{\"@context\":\"https:\/\/schema.org\",\"@graph\":[{\"@type\":\"WebPage\",\"@id\":\"https:\/\/www.impactcoachingsolutions.com\/en\/coaching-training\/testimoniales-de-graduados\/\",\"url\":\"https:\/\/www.impactcoachingsolutions.com\/en\/coaching-training\/testimoniales-de-graduados\/\",\"name\":\"Testimoniales de Graduados - Impact Coaching Solutions\",\"isPartOf\":{\"@id\":\"https:\/\/www.impactcoachingsolutions.com\/en\/#website\"},\"datePublished\":\"2014-01-21T00:33:25+00:00\",\"dateModified\":\"2022-01-14T01:16:32+00:00\",\"breadcrumb\":{\"@id\":\"https:\/\/www.impactcoachingsolutions.com\/en\/coaching-training\/testimoniales-de-graduados\/#breadcrumb\"},\"inLanguage\":\"en-US\",\"potentialAction\":[{\"@type\":\"ReadAction\",\"target\":[\"https:\/\/www.impactcoachingsolutions.com\/en\/coaching-training\/testimoniales-de-graduados\/\"]}]},{\"@type\":\"BreadcrumbList\",\"@id\":\"https:\/\/www.impactcoachingsolutions.com\/en\/coaching-training\/testimoniales-de-graduados\/#breadcrumb\",\"itemListElement\":[{\"@type\":\"ListItem\",\"position\":1,\"name\":\"Home\",\"item\":\"https:\/\/www.impactcoachingsolutions.com\/en\/\"},{\"@type\":\"ListItem\",\"position\":2,\"name\":\"Coaching Training\",\"item\":\"https:\/\/www.impactcoachingsolutions.com\/es\/coaching-training\/\"},{\"@type\":\"ListItem\",\"position\":3,\"name\":\"Testimoniales de Graduados\"}]},{\"@type\":\"WebSite\",\"@id\":\"https:\/\/www.impactcoachingsolutions.com\/en\/#website\",\"url\":\"https:\/\/www.impactcoachingsolutions.com\/en\/\",\"name\":\"Impact Coaching Solutions\",\"description\":\"Helping you get the results you want faster and better.\",\"potentialAction\":[{\"@type\":\"SearchAction\",\"target\":{\"@type\":\"EntryPoint\",\"urlTemplate\":\"https:\/\/www.impactcoachingsolutions.com\/en\/?s={search_term_string}\"},\"query-input\":\"required name=search_term_string\"}],\"inLanguage\":\"en-US\"}]}<\/script>\n<!-- \/ Yoast SEO plugin. -->","yoast_head_json":{"title":"Testimoniales de Graduados - Impact Coaching Solutions","robots":{"index":"index","follow":"follow","max-snippet":"max-snippet:-1","max-image-preview":"max-image-preview:large","max-video-preview":"max-video-preview:-1"},"canonical":"https:\/\/www.impactcoachingsolutions.com\/en\/coaching-training\/testimoniales-de-graduados\/","og_locale":"en_US","og_type":"article","og_title":"Testimoniales de Graduados - Impact Coaching Solutions","og_description":"Esto es lo que nuestros graduados piensan del programa de Certificaci\u00f3n de Coaching. \u00a0\u201cExcelente entrenamiento, muy profesional y completo. En lo personal me ayudo mucho a fortalecer y consolidar las actividades que actualmente realizo como Executive Coach and Life Coach\u201d. Diciembre 2012. Liz Arguedas International Speaker, Life and Executive Coach &nbsp; \u201cEl curso de Coaching [&hellip;]","og_url":"https:\/\/www.impactcoachingsolutions.com\/en\/coaching-training\/testimoniales-de-graduados\/","og_site_name":"Impact Coaching Solutions","article_modified_time":"2022-01-14T01:16:32+00:00","twitter_card":"summary","twitter_misc":{"Est. reading time":"5 minutes"},"schema":{"@context":"https:\/\/schema.org","@graph":[{"@type":"WebPage","@id":"https:\/\/www.impactcoachingsolutions.com\/en\/coaching-training\/testimoniales-de-graduados\/","url":"https:\/\/www.impactcoachingsolutions.com\/en\/coaching-training\/testimoniales-de-graduados\/","name":"Testimoniales de Graduados - Impact Coaching Solutions","isPartOf":{"@id":"https:\/\/www.impactcoachingsolutions.com\/en\/#website"},"datePublished":"2014-01-21T00:33:25+00:00","dateModified":"2022-01-14T01:16:32+00:00","breadcrumb":{"@id":"https:\/\/www.impactcoachingsolutions.com\/en\/coaching-training\/testimoniales-de-graduados\/#breadcrumb"},"inLanguage":"en-US","potentialAction":[{"@type":"ReadAction","target":["https:\/\/www.impactcoachingsolutions.com\/en\/coaching-training\/testimoniales-de-graduados\/"]}]},{"@type":"BreadcrumbList","@id":"https:\/\/www.impactcoachingsolutions.com\/en\/coaching-training\/testimoniales-de-graduados\/#breadcrumb","itemListElement":[{"@type":"ListItem","position":1,"name":"Home","item":"https:\/\/www.impactcoachingsolutions.com\/en\/"},{"@type":"ListItem","position":2,"name":"Coaching Training","item":"https:\/\/www.impactcoachingsolutions.com\/es\/coaching-training\/"},{"@type":"ListItem","position":3,"name":"Testimoniales de Graduados"}]},{"@type":"WebSite","@id":"https:\/\/www.impactcoachingsolutions.com\/en\/#website","url":"https:\/\/www.impactcoachingsolutions.com\/en\/","name":"Impact Coaching Solutions","description":"Helping you get the results you want faster and better.","potentialAction":[{"@type":"SearchAction","target":{"@type":"EntryPoint","urlTemplate":"https:\/\/www.impactcoachingsolutions.com\/en\/?s={search_term_string}"},"query-input":"required name=search_term_string"}],"inLanguage":"en-US"}]}},"_links":{"self":[{"href":"https:\/\/www.impactcoachingsolutions.com\/en\/wp-json\/wp\/v2\/pages\/543"}],"collection":[{"href":"https:\/\/www.impactcoachingsolutions.com\/en\/wp-json\/wp\/v2\/pages"}],"about":[{"href":"https:\/\/www.impactcoachingsolutions.com\/en\/wp-json\/wp\/v2\/types\/page"}],"author":[{"embeddable":true,"href":"https:\/\/www.impactcoachingsolutions.com\/en\/wp-json\/wp\/v2\/users\/1"}],"replies":[{"embeddable":true,"href":"https:\/\/www.impactcoachingsolutions.com\/en\/wp-json\/wp\/v2\/comments?post=543"}],"version-history":[{"count":4,"href":"https:\/\/www.impactcoachingsolutions.com\/en\/wp-json\/wp\/v2\/pages\/543\/revisions"}],"predecessor-version":[{"id":3515,"href":"https:\/\/www.impactcoachingsolutions.com\/en\/wp-json\/wp\/v2\/pages\/543\/revisions\/3515"}],"up":[{"embeddable":true,"href":"https:\/\/www.impactcoachingsolutions.com\/en\/wp-json\/wp\/v2\/pages\/122"}],"wp:attachment":[{"href":"https:\/\/www.impactcoachingsolutions.com\/en\/wp-json\/wp\/v2\/media?parent=543"}],"curies":[{"name":"wp","href":"https:\/\/api.w.org\/{rel}","templated":true}]}}