{"id":1661,"date":"2016-05-11T19:18:17","date_gmt":"2016-05-11T19:18:17","guid":{"rendered":"http:\/\/impactcoachingsolutions.com\/?page_id=1661"},"modified":"2022-10-27T19:36:49","modified_gmt":"2022-10-27T19:36:49","slug":"blog","status":"publish","type":"page","link":"https:\/\/www.impactcoachingsolutions.com\/es\/blog\/","title":{"rendered":"Blog"},"content":{"rendered":"<p class=\"qtranxs-available-languages-message qtranxs-available-languages-message-es\">Disculpa, pero esta entrada est\u00e1 disponible s\u00f3lo en <a href=\"https:\/\/www.impactcoachingsolutions.com\/en\/wp-json\/wp\/v2\/pages\/1661\" class=\"qtranxs-available-language-link qtranxs-available-language-link-en\" title=\"English\">Ingl\u00e9s Estadounidense<\/a>. For the sake of viewer convenience, the content is shown below in the alternative language. You may click the link to switch the active language.<\/p>[feedzy-rss feeds=\u00bbhttp:\/\/blog.impactcoachingsolutions.com\/rss.xml\u00bb max=\u00bb20&#8243; feed_title=\u00bbyes\u00bb meta=\u00bbauthor\u00bb]\n<p><a href=\"http:\/\/www.humanresourcestoday.com\/&amp;source=impact-coaching-solutions\"><img title=\"Human Resources Today\" src=\"\/\/widget.aggregage.com\/images\/humanresourcestoday\/badge-small.png\" alt=\"Human Resources Today\" border=\"0\" \/><\/a><\/p>\n<p><!-- start Aggregage links --><\/p>\n<div id=\"bbc72\"><\/div>\n<p><!-- end Aggregage links --><br \/>\n<script type='text\/javascript'>\nfunction loadScript(url){\n  var e = document.createElement(\"script\")\n  e.src = url\n  e.type=\"text\/javascript\"\n  document.getElementsByTagName(\"head\")[0].appendChild(e)\n}\n  loadScript(\"\/\/widget.aggregage.com\/bi\/&keyword-LI=c&blog-group=humanresourcestoday&keyword-selected-blog-id=6848&overwrite-keywords=true&nw=false&widget-form-javascript=true&compact-keyword-count=5&time=\" + new Date().getTime() + \"&ref=\" + document.referrer);\n<\/script>","protected":false},"excerpt":{"rendered":"<p>Disculpa, pero esta entrada est\u00e1 disponible s\u00f3lo en Ingl\u00e9s Estadounidense. For the sake of viewer convenience, the content is shown below in the alternative language. You may click the link to switch the active language.[feedzy-rss feeds=\u00bbhttp:\/\/blog.impactcoachingsolutions.com\/rss.xml\u00bb max=\u00bb20&#8243; feed_title=\u00bbyes\u00bb meta=\u00bbauthor\u00bb]<\/p>\n","protected":false},"author":1,"featured_media":0,"parent":0,"menu_order":0,"comment_status":"closed","ping_status":"closed","template":"blog.php","meta":{"_et_pb_use_builder":"","_et_pb_old_content":"","_et_gb_content_width":""},"yoast_head":"<!-- This site is optimized with the Yoast SEO plugin v19.6.1 - https:\/\/yoast.com\/wordpress\/plugins\/seo\/ -->\n<title>Blog - Impact Coaching Solutions<\/title>\n<meta name=\"description\" content=\"Impact Coaching Solutions\" \/>\n<meta name=\"robots\" content=\"index, follow, max-snippet:-1, max-image-preview:large, max-video-preview:-1\" \/>\n<link rel=\"canonical\" href=\"https:\/\/www.impactcoachingsolutions.com\/en\/blog\/\" \/>\n<meta property=\"og:locale\" content=\"es_ES\" \/>\n<meta property=\"og:type\" content=\"article\" \/>\n<meta property=\"og:title\" content=\"Blog - Impact Coaching Solutions\" \/>\n<meta property=\"og:description\" content=\"Impact Coaching Solutions\" \/>\n<meta property=\"og:url\" content=\"https:\/\/www.impactcoachingsolutions.com\/en\/blog\/\" \/>\n<meta property=\"og:site_name\" content=\"Impact Coaching Solutions\" \/>\n<meta property=\"article:modified_time\" content=\"2022-10-27T19:36:49+00:00\" \/>\n<meta name=\"twitter:card\" content=\"summary\" \/>\n<meta name=\"twitter:label1\" content=\"Tiempo de lectura\" \/>\n\t<meta name=\"twitter:data1\" content=\"1 minuto\" \/>\n<script type=\"application\/ld+json\" class=\"yoast-schema-graph\">{\"@context\":\"https:\/\/schema.org\",\"@graph\":[{\"@type\":\"WebPage\",\"@id\":\"https:\/\/www.impactcoachingsolutions.com\/en\/blog\/\",\"url\":\"https:\/\/www.impactcoachingsolutions.com\/en\/blog\/\",\"name\":\"Blog - Impact Coaching Solutions\",\"isPartOf\":{\"@id\":\"https:\/\/www.impactcoachingsolutions.com\/en\/#website\"},\"datePublished\":\"2016-05-11T19:18:17+00:00\",\"dateModified\":\"2022-10-27T19:36:49+00:00\",\"description\":\"Impact Coaching Solutions\",\"breadcrumb\":{\"@id\":\"https:\/\/www.impactcoachingsolutions.com\/en\/blog\/#breadcrumb\"},\"inLanguage\":\"es\",\"potentialAction\":[{\"@type\":\"ReadAction\",\"target\":[\"https:\/\/www.impactcoachingsolutions.com\/en\/blog\/\"]}]},{\"@type\":\"BreadcrumbList\",\"@id\":\"https:\/\/www.impactcoachingsolutions.com\/en\/blog\/#breadcrumb\",\"itemListElement\":[{\"@type\":\"ListItem\",\"position\":1,\"name\":\"Home\",\"item\":\"https:\/\/www.impactcoachingsolutions.com\/en\/\"},{\"@type\":\"ListItem\",\"position\":2,\"name\":\"Blog\"}]},{\"@type\":\"WebSite\",\"@id\":\"https:\/\/www.impactcoachingsolutions.com\/en\/#website\",\"url\":\"https:\/\/www.impactcoachingsolutions.com\/en\/\",\"name\":\"Impact Coaching Solutions\",\"description\":\"Helping you get the results you want faster and better.\",\"potentialAction\":[{\"@type\":\"SearchAction\",\"target\":{\"@type\":\"EntryPoint\",\"urlTemplate\":\"https:\/\/www.impactcoachingsolutions.com\/en\/?s={search_term_string}\"},\"query-input\":\"required name=search_term_string\"}],\"inLanguage\":\"es\"}]}<\/script>\n<!-- \/ Yoast SEO plugin. -->","yoast_head_json":{"title":"Blog - Impact Coaching Solutions","description":"Impact Coaching Solutions","robots":{"index":"index","follow":"follow","max-snippet":"max-snippet:-1","max-image-preview":"max-image-preview:large","max-video-preview":"max-video-preview:-1"},"canonical":"https:\/\/www.impactcoachingsolutions.com\/en\/blog\/","og_locale":"es_ES","og_type":"article","og_title":"Blog - Impact Coaching Solutions","og_description":"Impact Coaching Solutions","og_url":"https:\/\/www.impactcoachingsolutions.com\/en\/blog\/","og_site_name":"Impact Coaching Solutions","article_modified_time":"2022-10-27T19:36:49+00:00","twitter_card":"summary","twitter_misc":{"Tiempo de lectura":"1 minuto"},"schema":{"@context":"https:\/\/schema.org","@graph":[{"@type":"WebPage","@id":"https:\/\/www.impactcoachingsolutions.com\/en\/blog\/","url":"https:\/\/www.impactcoachingsolutions.com\/en\/blog\/","name":"Blog - Impact Coaching Solutions","isPartOf":{"@id":"https:\/\/www.impactcoachingsolutions.com\/en\/#website"},"datePublished":"2016-05-11T19:18:17+00:00","dateModified":"2022-10-27T19:36:49+00:00","description":"Impact Coaching Solutions","breadcrumb":{"@id":"https:\/\/www.impactcoachingsolutions.com\/en\/blog\/#breadcrumb"},"inLanguage":"es","potentialAction":[{"@type":"ReadAction","target":["https:\/\/www.impactcoachingsolutions.com\/en\/blog\/"]}]},{"@type":"BreadcrumbList","@id":"https:\/\/www.impactcoachingsolutions.com\/en\/blog\/#breadcrumb","itemListElement":[{"@type":"ListItem","position":1,"name":"Home","item":"https:\/\/www.impactcoachingsolutions.com\/en\/"},{"@type":"ListItem","position":2,"name":"Blog"}]},{"@type":"WebSite","@id":"https:\/\/www.impactcoachingsolutions.com\/en\/#website","url":"https:\/\/www.impactcoachingsolutions.com\/en\/","name":"Impact Coaching Solutions","description":"Helping you get the results you want faster and better.","potentialAction":[{"@type":"SearchAction","target":{"@type":"EntryPoint","urlTemplate":"https:\/\/www.impactcoachingsolutions.com\/en\/?s={search_term_string}"},"query-input":"required name=search_term_string"}],"inLanguage":"es"}]}},"_links":{"self":[{"href":"https:\/\/www.impactcoachingsolutions.com\/es\/wp-json\/wp\/v2\/pages\/1661"}],"collection":[{"href":"https:\/\/www.impactcoachingsolutions.com\/es\/wp-json\/wp\/v2\/pages"}],"about":[{"href":"https:\/\/www.impactcoachingsolutions.com\/es\/wp-json\/wp\/v2\/types\/page"}],"author":[{"embeddable":true,"href":"https:\/\/www.impactcoachingsolutions.com\/es\/wp-json\/wp\/v2\/users\/1"}],"replies":[{"embeddable":true,"href":"https:\/\/www.impactcoachingsolutions.com\/es\/wp-json\/wp\/v2\/comments?post=1661"}],"version-history":[{"count":4,"href":"https:\/\/www.impactcoachingsolutions.com\/es\/wp-json\/wp\/v2\/pages\/1661\/revisions"}],"predecessor-version":[{"id":3204,"href":"https:\/\/www.impactcoachingsolutions.com\/es\/wp-json\/wp\/v2\/pages\/1661\/revisions\/3204"}],"wp:attachment":[{"href":"https:\/\/www.impactcoachingsolutions.com\/es\/wp-json\/wp\/v2\/media?parent=1661"}],"curies":[{"name":"wp","href":"https:\/\/api.w.org\/{rel}","templated":true}]}}