{"id":2197,"date":"2016-11-01T23:32:54","date_gmt":"2016-11-01T23:32:54","guid":{"rendered":"http:\/\/impactcoachingsolutions.com\/en\/?page_id=2197"},"modified":"2021-09-24T17:41:56","modified_gmt":"2021-09-24T17:41:56","slug":"formulario-de-registro","status":"publish","type":"page","link":"https:\/\/www.impactcoachingsolutions.com\/es\/english-formulario-de-registro\/","title":{"rendered":"(English) FORMULARIO DE REGISTRO"},"content":{"rendered":"<p class=\"qtranxs-available-languages-message qtranxs-available-languages-message-es\">Disculpa, pero esta entrada est\u00e1 disponible s\u00f3lo en <a href=\"https:\/\/www.impactcoachingsolutions.com\/en\/wp-json\/wp\/v2\/pages\/2197\" class=\"qtranxs-available-language-link qtranxs-available-language-link-en\" title=\"English\">Ingl\u00e9s Estadounidense<\/a>. For the sake of viewer convenience, the content is shown below in the alternative language. You may click the link to switch the active language.<\/p><script type=\"text\/javascript\" src=\"https:\/\/form.jotform.com\/jsform\/212594835109157\"><\/script>","protected":false},"excerpt":{"rendered":"<p>Disculpa, pero esta entrada est\u00e1 disponible s\u00f3lo en Ingl\u00e9s Estadounidense. For the sake of viewer convenience, the content is shown below in the alternative language. You may click the link to switch the active language.<\/p>\n","protected":false},"author":1,"featured_media":0,"parent":0,"menu_order":0,"comment_status":"closed","ping_status":"closed","template":"","meta":{"_et_pb_use_builder":"","_et_pb_old_content":"","_et_gb_content_width":""},"yoast_head":"<!-- This site is optimized with the Yoast SEO plugin v19.6.1 - https:\/\/yoast.com\/wordpress\/plugins\/seo\/ -->\n<title>FORMULARIO DE REGISTRO<\/title>\n<meta name=\"description\" content=\"CERTIFICACION DE COACHING\" \/>\n<meta name=\"robots\" content=\"index, follow, max-snippet:-1, max-image-preview:large, max-video-preview:-1\" \/>\n<link rel=\"canonical\" href=\"https:\/\/www.impactcoachingsolutions.com\/en\/formulario-de-registro\/\" \/>\n<meta property=\"og:locale\" content=\"es_ES\" \/>\n<meta property=\"og:type\" content=\"article\" \/>\n<meta property=\"og:title\" content=\"FORMULARIO DE REGISTRO\" \/>\n<meta property=\"og:description\" content=\"CERTIFICACION DE COACHING\" \/>\n<meta property=\"og:url\" content=\"https:\/\/www.impactcoachingsolutions.com\/en\/formulario-de-registro\/\" \/>\n<meta property=\"og:site_name\" content=\"Impact Coaching Solutions\" \/>\n<meta property=\"article:modified_time\" content=\"2021-09-24T17:41:56+00:00\" \/>\n<meta name=\"twitter:card\" content=\"summary\" \/>\n<script type=\"application\/ld+json\" class=\"yoast-schema-graph\">{\"@context\":\"https:\/\/schema.org\",\"@graph\":[{\"@type\":\"WebPage\",\"@id\":\"https:\/\/www.impactcoachingsolutions.com\/en\/formulario-de-registro\/\",\"url\":\"https:\/\/www.impactcoachingsolutions.com\/en\/formulario-de-registro\/\",\"name\":\"FORMULARIO DE REGISTRO\",\"isPartOf\":{\"@id\":\"https:\/\/www.impactcoachingsolutions.com\/en\/#website\"},\"datePublished\":\"2016-11-01T23:32:54+00:00\",\"dateModified\":\"2021-09-24T17:41:56+00:00\",\"description\":\"CERTIFICACION DE COACHING\",\"breadcrumb\":{\"@id\":\"https:\/\/www.impactcoachingsolutions.com\/en\/formulario-de-registro\/#breadcrumb\"},\"inLanguage\":\"es\",\"potentialAction\":[{\"@type\":\"ReadAction\",\"target\":[\"https:\/\/www.impactcoachingsolutions.com\/en\/formulario-de-registro\/\"]}]},{\"@type\":\"BreadcrumbList\",\"@id\":\"https:\/\/www.impactcoachingsolutions.com\/en\/formulario-de-registro\/#breadcrumb\",\"itemListElement\":[{\"@type\":\"ListItem\",\"position\":1,\"name\":\"Home\",\"item\":\"https:\/\/www.impactcoachingsolutions.com\/en\/\"},{\"@type\":\"ListItem\",\"position\":2,\"name\":\"FORMULARIO DE REGISTRO\"}]},{\"@type\":\"WebSite\",\"@id\":\"https:\/\/www.impactcoachingsolutions.com\/en\/#website\",\"url\":\"https:\/\/www.impactcoachingsolutions.com\/en\/\",\"name\":\"Impact Coaching Solutions\",\"description\":\"Helping you get the results you want faster and better.\",\"potentialAction\":[{\"@type\":\"SearchAction\",\"target\":{\"@type\":\"EntryPoint\",\"urlTemplate\":\"https:\/\/www.impactcoachingsolutions.com\/en\/?s={search_term_string}\"},\"query-input\":\"required name=search_term_string\"}],\"inLanguage\":\"es\"}]}<\/script>\n<!-- \/ Yoast SEO plugin. -->","yoast_head_json":{"title":"FORMULARIO DE REGISTRO","description":"CERTIFICACION DE COACHING","robots":{"index":"index","follow":"follow","max-snippet":"max-snippet:-1","max-image-preview":"max-image-preview:large","max-video-preview":"max-video-preview:-1"},"canonical":"https:\/\/www.impactcoachingsolutions.com\/en\/formulario-de-registro\/","og_locale":"es_ES","og_type":"article","og_title":"FORMULARIO DE REGISTRO","og_description":"CERTIFICACION DE COACHING","og_url":"https:\/\/www.impactcoachingsolutions.com\/en\/formulario-de-registro\/","og_site_name":"Impact Coaching Solutions","article_modified_time":"2021-09-24T17:41:56+00:00","twitter_card":"summary","schema":{"@context":"https:\/\/schema.org","@graph":[{"@type":"WebPage","@id":"https:\/\/www.impactcoachingsolutions.com\/en\/formulario-de-registro\/","url":"https:\/\/www.impactcoachingsolutions.com\/en\/formulario-de-registro\/","name":"FORMULARIO DE REGISTRO","isPartOf":{"@id":"https:\/\/www.impactcoachingsolutions.com\/en\/#website"},"datePublished":"2016-11-01T23:32:54+00:00","dateModified":"2021-09-24T17:41:56+00:00","description":"CERTIFICACION DE COACHING","breadcrumb":{"@id":"https:\/\/www.impactcoachingsolutions.com\/en\/formulario-de-registro\/#breadcrumb"},"inLanguage":"es","potentialAction":[{"@type":"ReadAction","target":["https:\/\/www.impactcoachingsolutions.com\/en\/formulario-de-registro\/"]}]},{"@type":"BreadcrumbList","@id":"https:\/\/www.impactcoachingsolutions.com\/en\/formulario-de-registro\/#breadcrumb","itemListElement":[{"@type":"ListItem","position":1,"name":"Home","item":"https:\/\/www.impactcoachingsolutions.com\/en\/"},{"@type":"ListItem","position":2,"name":"FORMULARIO DE REGISTRO"}]},{"@type":"WebSite","@id":"https:\/\/www.impactcoachingsolutions.com\/en\/#website","url":"https:\/\/www.impactcoachingsolutions.com\/en\/","name":"Impact Coaching Solutions","description":"Helping you get the results you want faster and better.","potentialAction":[{"@type":"SearchAction","target":{"@type":"EntryPoint","urlTemplate":"https:\/\/www.impactcoachingsolutions.com\/en\/?s={search_term_string}"},"query-input":"required name=search_term_string"}],"inLanguage":"es"}]}},"_links":{"self":[{"href":"https:\/\/www.impactcoachingsolutions.com\/es\/wp-json\/wp\/v2\/pages\/2197"}],"collection":[{"href":"https:\/\/www.impactcoachingsolutions.com\/es\/wp-json\/wp\/v2\/pages"}],"about":[{"href":"https:\/\/www.impactcoachingsolutions.com\/es\/wp-json\/wp\/v2\/types\/page"}],"author":[{"embeddable":true,"href":"https:\/\/www.impactcoachingsolutions.com\/es\/wp-json\/wp\/v2\/users\/1"}],"replies":[{"embeddable":true,"href":"https:\/\/www.impactcoachingsolutions.com\/es\/wp-json\/wp\/v2\/comments?post=2197"}],"version-history":[{"count":2,"href":"https:\/\/www.impactcoachingsolutions.com\/es\/wp-json\/wp\/v2\/pages\/2197\/revisions"}],"predecessor-version":[{"id":3492,"href":"https:\/\/www.impactcoachingsolutions.com\/es\/wp-json\/wp\/v2\/pages\/2197\/revisions\/3492"}],"wp:attachment":[{"href":"https:\/\/www.impactcoachingsolutions.com\/es\/wp-json\/wp\/v2\/media?parent=2197"}],"curies":[{"name":"wp","href":"https:\/\/api.w.org\/{rel}","templated":true}]}}