{"id":2333,"date":"2017-02-22T21:55:59","date_gmt":"2017-02-22T21:55:59","guid":{"rendered":"http:\/\/impactcoachingsolutions.com\/en\/?page_id=2333"},"modified":"2018-01-10T16:00:05","modified_gmt":"2018-01-10T16:00:05","slug":"espanol","status":"publish","type":"page","link":"https:\/\/www.impactcoachingsolutions.com\/es\/todo-esta-en-tu-mente\/","title":{"rendered":"(English) Todo est\u00e1 en tu mente:"},"content":{"rendered":"<p class=\"qtranxs-available-languages-message qtranxs-available-languages-message-es\">Disculpa, pero esta entrada est\u00e1 disponible s\u00f3lo en <a href=\"https:\/\/www.impactcoachingsolutions.com\/en\/wp-json\/wp\/v2\/pages\/2333\" class=\"qtranxs-available-language-link qtranxs-available-language-link-en\" title=\"English\">Ingl\u00e9s Estadounidense<\/a>. For the sake of viewer convenience, the content is shown below in the alternative language. You may click the link to switch the active language.<\/p><div class=\"epyt-gallery\" data-currpage=\"1\" id=\"epyt_gallery_34246\"><iframe loading=\"lazy\"  id=\"_ytid_81389\"  width=\"940\" height=\"529\"  data-origwidth=\"940\" data-origheight=\"529\" src=\"https:\/\/www.youtube.com\/embed\/8jIvjDAwOkY?enablejsapi=1&rel=0&autoplay=1&cc_load_policy=0&cc_lang_pref=&iv_load_policy=3&loop=1&modestbranding=0&fs=1&playsinline=0&autohide=2&theme=dark&color=red&controls=1&\" class=\"__youtube_prefs__  no-lazyload\" title=\"YouTube player\"  data-epytgalleryid=\"epyt_gallery_34246\"  allow=\"accelerometer; autoplay; clipboard-write; encrypted-media; gyroscope; picture-in-picture\" allowfullscreen data-no-lazy=\"1\" data-skipgform_ajax_framebjll=\"\"><\/iframe><div class=\"epyt-gallery-subscribe\"><a target=\"_blank\" class=\"epyt-gallery-subbutton\" href=\"http:\/\/www.youtube.com\/channel\/UCI877Wgvu9kKK08ZbOKznYQ\/playlists?sub_confirmation=1\"><img alt=\"subscribe\" src=\"https:\/\/www.impactcoachingsolutions.com\/wp-content\/plugins\/youtube-embed-plus\/images\/play-subscribe.png\" \/>Subscribe to my channel<\/a><\/div><div class=\"epyt-gallery-list\"><div class=\"epyt-pagination \"><div tabindex=\"0\" role=\"button\" class=\"epyt-pagebutton epyt-prev  hide \" data-playlistid=\"PLIHa1q5za-aDMm09SVg3wtQvHYWrbZBPV\" data-pagesize=\"15\" data-pagetoken=\"\" data-epcolumns=\"3\" data-showtitle=\"1\" data-showpaging=\"1\" data-autonext=\"1\" data-thumbplay=\"1\"><div class=\"epyt-arrow\">&laquo;<\/div> <div>Prev<\/div><\/div><div class=\"epyt-pagenumbers hide\"><div class=\"epyt-current\">1<\/div><div class=\"epyt-pageseparator\"> \/ <\/div><div class=\"epyt-totalpages\">1<\/div><\/div><div tabindex=\"0\" role=\"button\" class=\"epyt-pagebutton epyt-next hide \" data-playlistid=\"PLIHa1q5za-aDMm09SVg3wtQvHYWrbZBPV\" data-pagesize=\"15\" data-pagetoken=\"\" data-epcolumns=\"3\" data-showtitle=\"1\" data-showpaging=\"1\" data-autonext=\"1\" data-thumbplay=\"1\"><div>Next<\/div> <div class=\"epyt-arrow\">&raquo;<\/div><\/div><div class=\"epyt-loader\"><img loading=\"lazy\" alt=\"loading\" width=\"16\" height=\"11\" src=\"https:\/\/www.impactcoachingsolutions.com\/wp-content\/plugins\/youtube-embed-plus\/images\/gallery-page-loader.gif\"><\/div><\/div><div class=\"epyt-gallery-allthumbs  epyt-cols-3 \"><div tabindex=\"0\" role=\"button\" data-videoid=\"8jIvjDAwOkY\" class=\"epyt-gallery-thumb\"><div class=\"epyt-gallery-img-box\"><div class=\"epyt-gallery-img\" style=\"background-image: url(https:\/\/i.ytimg.com\/vi\/8jIvjDAwOkY\/hqdefault.jpg)\"><div class=\"epyt-gallery-playhover\"><img loading=\"lazy\" alt=\"play\" class=\"epyt-play-img\" width=\"30\" height=\"23\" src=\"https:\/\/www.impactcoachingsolutions.com\/wp-content\/plugins\/youtube-embed-plus\/images\/playhover.png\" data-no-lazy=\"1\" data-skipgform_ajax_framebjll=\"\" \/><div class=\"epyt-gallery-playcrutch\"><\/div><\/div><\/div><\/div><div class=\"epyt-gallery-title\">Mindfulness es Aceptaci\u00f3n<\/div><\/div><div tabindex=\"0\" role=\"button\" data-videoid=\"p_oBu-5d-vc\" class=\"epyt-gallery-thumb\"><div class=\"epyt-gallery-img-box\"><div class=\"epyt-gallery-img\" style=\"background-image: url(https:\/\/i.ytimg.com\/vi\/p_oBu-5d-vc\/hqdefault.jpg)\"><div class=\"epyt-gallery-playhover\"><img loading=\"lazy\" alt=\"play\" class=\"epyt-play-img\" width=\"30\" height=\"23\" src=\"https:\/\/www.impactcoachingsolutions.com\/wp-content\/plugins\/youtube-embed-plus\/images\/playhover.png\" data-no-lazy=\"1\" data-skipgform_ajax_framebjll=\"\" \/><div class=\"epyt-gallery-playcrutch\"><\/div><\/div><\/div><\/div><div class=\"epyt-gallery-title\">Mindfulness es Presencia<\/div><\/div><div tabindex=\"0\" role=\"button\" data-videoid=\"lHGZFVcb8Ec\" class=\"epyt-gallery-thumb\"><div class=\"epyt-gallery-img-box\"><div class=\"epyt-gallery-img\" style=\"background-image: url(https:\/\/i.ytimg.com\/vi\/lHGZFVcb8Ec\/hqdefault.jpg)\"><div class=\"epyt-gallery-playhover\"><img loading=\"lazy\" alt=\"play\" class=\"epyt-play-img\" width=\"30\" height=\"23\" src=\"https:\/\/www.impactcoachingsolutions.com\/wp-content\/plugins\/youtube-embed-plus\/images\/playhover.png\" data-no-lazy=\"1\" data-skipgform_ajax_framebjll=\"\" \/><div class=\"epyt-gallery-playcrutch\"><\/div><\/div><\/div><\/div><div class=\"epyt-gallery-title\">Alineando Prioridades<\/div><\/div><div class=\"epyt-gallery-rowbreak\"><\/div><div tabindex=\"0\" role=\"button\" data-videoid=\"z3l7OEXTeDA\" class=\"epyt-gallery-thumb\"><div class=\"epyt-gallery-img-box\"><div class=\"epyt-gallery-img\" style=\"background-image: url(https:\/\/i.ytimg.com\/vi\/z3l7OEXTeDA\/hqdefault.jpg)\"><div class=\"epyt-gallery-playhover\"><img loading=\"lazy\" alt=\"play\" class=\"epyt-play-img\" width=\"30\" height=\"23\" src=\"https:\/\/www.impactcoachingsolutions.com\/wp-content\/plugins\/youtube-embed-plus\/images\/playhover.png\" data-no-lazy=\"1\" data-skipgform_ajax_framebjll=\"\" \/><div class=\"epyt-gallery-playcrutch\"><\/div><\/div><\/div><\/div><div class=\"epyt-gallery-title\">El Valor Detras de la Meta<\/div><\/div><div tabindex=\"0\" role=\"button\" data-videoid=\"HJR_R1Fn0Qw\" class=\"epyt-gallery-thumb\"><div class=\"epyt-gallery-img-box\"><div class=\"epyt-gallery-img\" style=\"background-image: url(https:\/\/i.ytimg.com\/vi\/HJR_R1Fn0Qw\/hqdefault.jpg)\"><div class=\"epyt-gallery-playhover\"><img loading=\"lazy\" alt=\"play\" class=\"epyt-play-img\" width=\"30\" height=\"23\" src=\"https:\/\/www.impactcoachingsolutions.com\/wp-content\/plugins\/youtube-embed-plus\/images\/playhover.png\" data-no-lazy=\"1\" data-skipgform_ajax_framebjll=\"\" \/><div class=\"epyt-gallery-playcrutch\"><\/div><\/div><\/div><\/div><div class=\"epyt-gallery-title\">Estableciendo Metas<\/div><\/div><div tabindex=\"0\" role=\"button\" data-videoid=\"OTKwRcuC_Fw\" class=\"epyt-gallery-thumb\"><div class=\"epyt-gallery-img-box\"><div class=\"epyt-gallery-img\" style=\"background-image: url(https:\/\/i.ytimg.com\/vi\/OTKwRcuC_Fw\/hqdefault.jpg)\"><div class=\"epyt-gallery-playhover\"><img loading=\"lazy\" alt=\"play\" class=\"epyt-play-img\" width=\"30\" height=\"23\" src=\"https:\/\/www.impactcoachingsolutions.com\/wp-content\/plugins\/youtube-embed-plus\/images\/playhover.png\" data-no-lazy=\"1\" data-skipgform_ajax_framebjll=\"\" \/><div class=\"epyt-gallery-playcrutch\"><\/div><\/div><\/div><\/div><div class=\"epyt-gallery-title\">Deja de romper la Empatia<\/div><\/div><div class=\"epyt-gallery-rowbreak\"><\/div><div tabindex=\"0\" role=\"button\" data-videoid=\"9NRVhxLDB98\" class=\"epyt-gallery-thumb\"><div class=\"epyt-gallery-img-box\"><div class=\"epyt-gallery-img\" style=\"background-image: url(https:\/\/i.ytimg.com\/vi\/9NRVhxLDB98\/hqdefault.jpg)\"><div class=\"epyt-gallery-playhover\"><img loading=\"lazy\" alt=\"play\" class=\"epyt-play-img\" width=\"30\" height=\"23\" src=\"https:\/\/www.impactcoachingsolutions.com\/wp-content\/plugins\/youtube-embed-plus\/images\/playhover.png\" data-no-lazy=\"1\" data-skipgform_ajax_framebjll=\"\" \/><div class=\"epyt-gallery-playcrutch\"><\/div><\/div><\/div><\/div><div class=\"epyt-gallery-title\">Comunicacion Efectiva es Adaptarse<\/div><\/div><div tabindex=\"0\" role=\"button\" data-videoid=\"DJXU57efIdg\" class=\"epyt-gallery-thumb\"><div class=\"epyt-gallery-img-box\"><div class=\"epyt-gallery-img\" style=\"background-image: url(https:\/\/i.ytimg.com\/vi\/DJXU57efIdg\/hqdefault.jpg)\"><div class=\"epyt-gallery-playhover\"><img loading=\"lazy\" alt=\"play\" class=\"epyt-play-img\" width=\"30\" height=\"23\" src=\"https:\/\/www.impactcoachingsolutions.com\/wp-content\/plugins\/youtube-embed-plus\/images\/playhover.png\" data-no-lazy=\"1\" data-skipgform_ajax_framebjll=\"\" \/><div class=\"epyt-gallery-playcrutch\"><\/div><\/div><\/div><\/div><div class=\"epyt-gallery-title\">Compite Para tener una mejor version de ti mismo<\/div><\/div><div tabindex=\"0\" role=\"button\" data-videoid=\"8plUuAX28YI\" class=\"epyt-gallery-thumb\"><div class=\"epyt-gallery-img-box\"><div class=\"epyt-gallery-img\" style=\"background-image: url(https:\/\/i.ytimg.com\/vi\/8plUuAX28YI\/hqdefault.jpg)\"><div class=\"epyt-gallery-playhover\"><img loading=\"lazy\" alt=\"play\" class=\"epyt-play-img\" width=\"30\" height=\"23\" src=\"https:\/\/www.impactcoachingsolutions.com\/wp-content\/plugins\/youtube-embed-plus\/images\/playhover.png\" data-no-lazy=\"1\" data-skipgform_ajax_framebjll=\"\" \/><div class=\"epyt-gallery-playcrutch\"><\/div><\/div><\/div><\/div><div class=\"epyt-gallery-title\">De Gerente a Lider<\/div><\/div><div class=\"epyt-gallery-rowbreak\"><\/div><div tabindex=\"0\" role=\"button\" data-videoid=\"bi3UXkEtQY8\" class=\"epyt-gallery-thumb\"><div class=\"epyt-gallery-img-box\"><div class=\"epyt-gallery-img\" style=\"background-image: url(https:\/\/i.ytimg.com\/vi\/bi3UXkEtQY8\/hqdefault.jpg)\"><div class=\"epyt-gallery-playhover\"><img loading=\"lazy\" alt=\"play\" class=\"epyt-play-img\" width=\"30\" height=\"23\" src=\"https:\/\/www.impactcoachingsolutions.com\/wp-content\/plugins\/youtube-embed-plus\/images\/playhover.png\" data-no-lazy=\"1\" data-skipgform_ajax_framebjll=\"\" \/><div class=\"epyt-gallery-playcrutch\"><\/div><\/div><\/div><\/div><div class=\"epyt-gallery-title\">De Experto a Gerente<\/div><\/div><div tabindex=\"0\" role=\"button\" data-videoid=\"oewbaquKb_M\" class=\"epyt-gallery-thumb\"><div class=\"epyt-gallery-img-box\"><div class=\"epyt-gallery-img\" style=\"background-image: url(https:\/\/i.ytimg.com\/vi\/oewbaquKb_M\/hqdefault.jpg)\"><div class=\"epyt-gallery-playhover\"><img loading=\"lazy\" alt=\"play\" class=\"epyt-play-img\" width=\"30\" height=\"23\" src=\"https:\/\/www.impactcoachingsolutions.com\/wp-content\/plugins\/youtube-embed-plus\/images\/playhover.png\" data-no-lazy=\"1\" data-skipgform_ajax_framebjll=\"\" \/><div class=\"epyt-gallery-playcrutch\"><\/div><\/div><\/div><\/div><div class=\"epyt-gallery-title\">Todo est\u00e1 en tu mente: \u00bfQu\u00e9 es Coaching?<\/div><\/div><div class=\"epyt-gallery-clear\"><\/div><\/div><div class=\"epyt-pagination \"><div tabindex=\"0\" role=\"button\" class=\"epyt-pagebutton epyt-prev  hide \" data-playlistid=\"PLIHa1q5za-aDMm09SVg3wtQvHYWrbZBPV\" data-pagesize=\"15\" data-pagetoken=\"\" data-epcolumns=\"3\" data-showtitle=\"1\" data-showpaging=\"1\" data-autonext=\"1\" data-thumbplay=\"1\"><div class=\"epyt-arrow\">&laquo;<\/div> <div>Prev<\/div><\/div><div class=\"epyt-pagenumbers hide\"><div class=\"epyt-current\">1<\/div><div class=\"epyt-pageseparator\"> \/ <\/div><div class=\"epyt-totalpages\">1<\/div><\/div><div tabindex=\"0\" role=\"button\" class=\"epyt-pagebutton epyt-next hide \" data-playlistid=\"PLIHa1q5za-aDMm09SVg3wtQvHYWrbZBPV\" data-pagesize=\"15\" data-pagetoken=\"\" data-epcolumns=\"3\" data-showtitle=\"1\" data-showpaging=\"1\" data-autonext=\"1\" data-thumbplay=\"1\"><div>Next<\/div> <div class=\"epyt-arrow\">&raquo;<\/div><\/div><div class=\"epyt-loader\"><img loading=\"lazy\" alt=\"loading\" width=\"16\" height=\"11\" src=\"https:\/\/www.impactcoachingsolutions.com\/wp-content\/plugins\/youtube-embed-plus\/images\/gallery-page-loader.gif\"><\/div><\/div><\/div><\/div>\n<p><a href=\"http:\/\/www.humanresourcestoday.com\/&amp;source=impact-coaching-solutions\"><img title=\"Human Resources Today\" src=\"\/\/widget.aggregage.com\/images\/humanresourcestoday\/badge-small.png\" alt=\"Human Resources Today\" border=\"0\" \/><\/a><\/p>\n<p><!-- start Aggregage links --><\/p>\n<div id=\"bbc72\"><\/div>\n<p><!-- end Aggregage links --><br \/>\n<script type='text\/javascript'>\nfunction loadScript(url){\n  var e = document.createElement(\"script\")\n  e.src = url\n  e.type=\"text\/javascript\"\n  document.getElementsByTagName(\"head\")[0].appendChild(e)\n}\n  loadScript(\"\/\/widget.aggregage.com\/bi\/&keyword-LI=c&blog-group=humanresourcestoday&keyword-selected-blog-id=6848&overwrite-keywords=true&nw=false&widget-form-javascript=true&compact-keyword-count=5&time=\" + new Date().getTime() + \"&ref=\" + document.referrer);\n<\/script>","protected":false},"excerpt":{"rendered":"<p>Disculpa, pero esta entrada est\u00e1 disponible s\u00f3lo en Ingl\u00e9s Estadounidense. For the sake of viewer convenience, the content is shown below in the alternative language. You may click the link to switch the active language.<\/p>\n","protected":false},"author":1,"featured_media":0,"parent":0,"menu_order":0,"comment_status":"closed","ping_status":"closed","template":"","meta":{"_et_pb_use_builder":"","_et_pb_old_content":"","_et_gb_content_width":""},"yoast_head":"<!-- This site is optimized with the Yoast SEO plugin v19.6.1 - https:\/\/yoast.com\/wordpress\/plugins\/seo\/ -->\n<title><\/title>\n<meta name=\"robots\" content=\"index, follow, max-snippet:-1, max-image-preview:large, max-video-preview:-1\" \/>\n<link rel=\"canonical\" href=\"https:\/\/www.impactcoachingsolutions.com\/en\/todo-esta-en-tu-mente\/\" \/>\n<meta property=\"og:locale\" content=\"es_ES\" \/>\n<meta property=\"og:type\" content=\"article\" \/>\n<meta property=\"og:title\" content=\"[:en]Todo est\u00e1 en tu mente:[:] - Impact Coaching Solutions\" \/>\n<meta property=\"og:description\" content=\"Disculpa, pero esta entrada est\u00e1 disponible s\u00f3lo en Ingl\u00e9s Estadounidense. For the sake of viewer convenience, the content is shown below in the alternative language. You may click the link to switch the active language.\" \/>\n<meta property=\"og:url\" content=\"https:\/\/www.impactcoachingsolutions.com\/en\/todo-esta-en-tu-mente\/\" \/>\n<meta property=\"og:site_name\" content=\"Impact Coaching Solutions\" \/>\n<meta property=\"article:modified_time\" content=\"2018-01-10T16:00:05+00:00\" \/>\n<meta property=\"og:image\" content=\"\/\/widget.aggregage.com\/images\/humanresourcestoday\/badge-small.png\" \/>\n<meta name=\"twitter:card\" content=\"summary\" \/>\n<script type=\"application\/ld+json\" class=\"yoast-schema-graph\">{\"@context\":\"https:\/\/schema.org\",\"@graph\":[{\"@type\":\"WebPage\",\"@id\":\"https:\/\/www.impactcoachingsolutions.com\/en\/todo-esta-en-tu-mente\/\",\"url\":\"https:\/\/www.impactcoachingsolutions.com\/en\/todo-esta-en-tu-mente\/\",\"name\":\"[:en]Todo est\u00e1 en tu mente:[:] - Impact Coaching Solutions\",\"isPartOf\":{\"@id\":\"https:\/\/www.impactcoachingsolutions.com\/en\/#website\"},\"datePublished\":\"2017-02-22T21:55:59+00:00\",\"dateModified\":\"2018-01-10T16:00:05+00:00\",\"breadcrumb\":{\"@id\":\"https:\/\/www.impactcoachingsolutions.com\/en\/todo-esta-en-tu-mente\/#breadcrumb\"},\"inLanguage\":\"es\",\"potentialAction\":[{\"@type\":\"ReadAction\",\"target\":[\"https:\/\/www.impactcoachingsolutions.com\/en\/todo-esta-en-tu-mente\/\"]}]},{\"@type\":\"BreadcrumbList\",\"@id\":\"https:\/\/www.impactcoachingsolutions.com\/en\/todo-esta-en-tu-mente\/#breadcrumb\",\"itemListElement\":[{\"@type\":\"ListItem\",\"position\":1,\"name\":\"Home\",\"item\":\"https:\/\/www.impactcoachingsolutions.com\/en\/\"},{\"@type\":\"ListItem\",\"position\":2,\"name\":\"Todo est\u00e1 en tu mente:\"}]},{\"@type\":\"WebSite\",\"@id\":\"https:\/\/www.impactcoachingsolutions.com\/en\/#website\",\"url\":\"https:\/\/www.impactcoachingsolutions.com\/en\/\",\"name\":\"Impact Coaching Solutions\",\"description\":\"Helping you get the results you want faster and better.\",\"potentialAction\":[{\"@type\":\"SearchAction\",\"target\":{\"@type\":\"EntryPoint\",\"urlTemplate\":\"https:\/\/www.impactcoachingsolutions.com\/en\/?s={search_term_string}\"},\"query-input\":\"required name=search_term_string\"}],\"inLanguage\":\"es\"}]}<\/script>\n<!-- \/ Yoast SEO plugin. -->","yoast_head_json":{"title":"[:en]Todo est\u00e1 en tu mente:[:] - Impact Coaching Solutions","robots":{"index":"index","follow":"follow","max-snippet":"max-snippet:-1","max-image-preview":"max-image-preview:large","max-video-preview":"max-video-preview:-1"},"canonical":"https:\/\/www.impactcoachingsolutions.com\/en\/todo-esta-en-tu-mente\/","og_locale":"es_ES","og_type":"article","og_title":"[:en]Todo est\u00e1 en tu mente:[:] - Impact Coaching Solutions","og_description":"Disculpa, pero esta entrada est\u00e1 disponible s\u00f3lo en Ingl\u00e9s Estadounidense. For the sake of viewer convenience, the content is shown below in the alternative language. You may click the link to switch the active language.","og_url":"https:\/\/www.impactcoachingsolutions.com\/en\/todo-esta-en-tu-mente\/","og_site_name":"Impact Coaching Solutions","article_modified_time":"2018-01-10T16:00:05+00:00","og_image":[{"url":"\/\/widget.aggregage.com\/images\/humanresourcestoday\/badge-small.png"}],"twitter_card":"summary","schema":{"@context":"https:\/\/schema.org","@graph":[{"@type":"WebPage","@id":"https:\/\/www.impactcoachingsolutions.com\/en\/todo-esta-en-tu-mente\/","url":"https:\/\/www.impactcoachingsolutions.com\/en\/todo-esta-en-tu-mente\/","name":"[:en]Todo est\u00e1 en tu mente:[:] - Impact Coaching Solutions","isPartOf":{"@id":"https:\/\/www.impactcoachingsolutions.com\/en\/#website"},"datePublished":"2017-02-22T21:55:59+00:00","dateModified":"2018-01-10T16:00:05+00:00","breadcrumb":{"@id":"https:\/\/www.impactcoachingsolutions.com\/en\/todo-esta-en-tu-mente\/#breadcrumb"},"inLanguage":"es","potentialAction":[{"@type":"ReadAction","target":["https:\/\/www.impactcoachingsolutions.com\/en\/todo-esta-en-tu-mente\/"]}]},{"@type":"BreadcrumbList","@id":"https:\/\/www.impactcoachingsolutions.com\/en\/todo-esta-en-tu-mente\/#breadcrumb","itemListElement":[{"@type":"ListItem","position":1,"name":"Home","item":"https:\/\/www.impactcoachingsolutions.com\/en\/"},{"@type":"ListItem","position":2,"name":"Todo est\u00e1 en tu mente:"}]},{"@type":"WebSite","@id":"https:\/\/www.impactcoachingsolutions.com\/en\/#website","url":"https:\/\/www.impactcoachingsolutions.com\/en\/","name":"Impact Coaching Solutions","description":"Helping you get the results you want faster and better.","potentialAction":[{"@type":"SearchAction","target":{"@type":"EntryPoint","urlTemplate":"https:\/\/www.impactcoachingsolutions.com\/en\/?s={search_term_string}"},"query-input":"required name=search_term_string"}],"inLanguage":"es"}]}},"_links":{"self":[{"href":"https:\/\/www.impactcoachingsolutions.com\/es\/wp-json\/wp\/v2\/pages\/2333"}],"collection":[{"href":"https:\/\/www.impactcoachingsolutions.com\/es\/wp-json\/wp\/v2\/pages"}],"about":[{"href":"https:\/\/www.impactcoachingsolutions.com\/es\/wp-json\/wp\/v2\/types\/page"}],"author":[{"embeddable":true,"href":"https:\/\/www.impactcoachingsolutions.com\/es\/wp-json\/wp\/v2\/users\/1"}],"replies":[{"embeddable":true,"href":"https:\/\/www.impactcoachingsolutions.com\/es\/wp-json\/wp\/v2\/comments?post=2333"}],"version-history":[{"count":6,"href":"https:\/\/www.impactcoachingsolutions.com\/es\/wp-json\/wp\/v2\/pages\/2333\/revisions"}],"predecessor-version":[{"id":2590,"href":"https:\/\/www.impactcoachingsolutions.com\/es\/wp-json\/wp\/v2\/pages\/2333\/revisions\/2590"}],"wp:attachment":[{"href":"https:\/\/www.impactcoachingsolutions.com\/es\/wp-json\/wp\/v2\/media?parent=2333"}],"curies":[{"name":"wp","href":"https:\/\/api.w.org\/{rel}","templated":true}]}}