{"id":2768,"date":"2018-11-30T18:44:39","date_gmt":"2018-11-30T18:44:39","guid":{"rendered":"http:\/\/www.impactcoachingsolutions.com\/en\/?page_id=2768"},"modified":"2018-11-30T21:48:27","modified_gmt":"2018-11-30T21:48:27","slug":"leadership-power-coaching","status":"publish","type":"page","link":"https:\/\/www.impactcoachingsolutions.com\/es\/english-leadership-with-the-power-of-coaching\/","title":{"rendered":"(English) Leadership with the Power of Coaching"},"content":{"rendered":"<p class=\"qtranxs-available-languages-message qtranxs-available-languages-message-es\">Disculpa, pero esta entrada est\u00e1 disponible s\u00f3lo en <a href=\"https:\/\/www.impactcoachingsolutions.com\/en\/wp-json\/wp\/v2\/pages\/2768\" class=\"qtranxs-available-language-link qtranxs-available-language-link-en\" title=\"English\">Ingl\u00e9s Estadounidense<\/a>. For the sake of viewer convenience, the content is shown below in the alternative language. You may click the link to switch the active language.<\/p><h2>Leadership  with  The  Power  of  Coaching<\/h2>\n<p><b>The  3  phases  for  SUCCESS:<\/b><\/p>\n<ul>\n<li>Create  Awareness<\/li>\n<li>Develop  Leadership<\/li>\n<li>Get  Results<\/li>\n<\/ul>\n<p>Workshop: <b>Awareness  Workshop<\/b>.<br \/>\nLength:  <b>8 hours<\/b>.<\/p>\n<p>Goals:<\/p>\n<p>The  leaders  will  obtain  the  basic  Coaching  skills  to  define  goals,  establish  rapport,  listening  skills  and  the  use  of  the  powerful  questions  techniques  to  support  self-knowledge  and  self-awareness  in  them  and  in  their  collaborators<\/p>\n<p>Content: <\/p>\n<ul>\n<li>1.The  Power  of  Coaching  types  and  distinctions.<\/li>\n<li>2.Goals  and  values.<\/li>\n<li>3.Rapport,  trust  and  listening  levels.<\/li>\n<li>4.Powerful  questions  and  intuition.<\/li>\n<li>5.The  Executive  Wheel<\/li>\n<\/ul>\n<hr>\n<p>&nbsp;<br \/>\n<!--\nThe  3  phases  for  SUCCESS:\n\n\n\n<ul>\n\n\n<li><b>Create  Awareness<\/b><\/li>\n\n\n\n\n<li>Develop  Leadership<\/li>\n\n\n\n\n<li>Get  Results<\/li>\n\n\n<\/ul>\n\n\n--><\/p>\n<p>Workshop: <b>Personal  Leadership  Methodology.<\/b><br \/>\nLength:  <b>8 hours.<\/b><\/p>\n<p>Goals:<\/p>\n<p>Leaders  will  explore  a  profound  transformation  of  concepts  that  will  free  their  potential,  energizing  them  and  inspiring  them  to  develop  and  giving  them  the  tools  to  develop  their  teams.<\/p>\n<p>Content:<\/p>\n<ul>\n<li>1.Limiting  and  empowering  beliefs.<\/li>\n<li>2.Reframing  and  perspectives.<\/li>\n<li>3.Archetypes.<\/li>\n<li>4.Challenges,  problems  and  options  generation.<\/li>\n<li>5.Happiness  and  fulfillment.<\/li>\n<\/ul>\n<hr>\n<p>&nbsp;<br \/>\n<!--\nThe  3  phases  for  SUCCESS:\n\n\n\n<ul>\n\n\n<li>Create  Awareness<\/li>\n\n\n\n\n<li>Develop  Leadership<\/li>\n\n\n\n\n<li><b>Get  Results<\/b><\/li>\n\n\n--><\/p>\n<p>Workshop: <strong>Getting  Results<\/strong>.<br \/>\nLength:  8 hours.<\/p>\n<p>Goals:<\/p>\n<p>Leaders  will  learn  techniques  and  tools  that  will  support  habit  creation  and  getting  results.  Through  homework  management,  time  management  and  continuous  improvement  they  will  have  the  tools  to  educate  their  teams  and  develop  them  to  maximize  performance.<\/p>\n<p>Content:<\/p>\n<ul>\n<li>1.Actions  plancreation.<\/li>\n<li>2.Anchors  and  structures:  creating  new  habits.<\/li>\n<li>3.Homework  management  and  accountability.<\/li>\n<li>4.Time  Management  concepts.<\/li>\n<li>5.Recognition  and  support  with  coaching.<\/li>\n<\/ul>\n<p>Methodology:<\/p>\n<p>Each  topic  will  be  covered  with  discussions,  theory  presentations  and  including  practice  activities  for  techniques  and  skills.<\/p>","protected":false},"excerpt":{"rendered":"<p>Disculpa, pero esta entrada est\u00e1 disponible s\u00f3lo en Ingl\u00e9s Estadounidense. For the sake of viewer convenience, the content is shown below in the alternative language. You may click the link to switch the active language.Leadership with The Power of Coaching The 3 phases for SUCCESS: Create Awareness Develop Leadership Get Results Workshop: Awareness Workshop. Length: [&hellip;]<\/p>\n","protected":false},"author":1,"featured_media":0,"parent":0,"menu_order":0,"comment_status":"closed","ping_status":"closed","template":"","meta":{"_et_pb_use_builder":"","_et_pb_old_content":"","_et_gb_content_width":""},"yoast_head":"<!-- This site is optimized with the Yoast SEO plugin v19.6.1 - https:\/\/yoast.com\/wordpress\/plugins\/seo\/ -->\n<title><\/title>\n<meta name=\"robots\" content=\"index, follow, max-snippet:-1, max-image-preview:large, max-video-preview:-1\" \/>\n<link rel=\"canonical\" href=\"https:\/\/www.impactcoachingsolutions.com\/en\/leadership-with-the-power-of-coaching\/\" \/>\n<meta property=\"og:locale\" content=\"es_ES\" \/>\n<meta property=\"og:type\" content=\"article\" \/>\n<meta property=\"og:title\" content=\"[:en]Leadership with the Power of Coaching[:] - Impact Coaching Solutions\" \/>\n<meta property=\"og:description\" content=\"Disculpa, pero esta entrada est\u00e1 disponible s\u00f3lo en Ingl\u00e9s Estadounidense. For the sake of viewer convenience, the content is shown below in the alternative language. You may click the link to switch the active language.Leadership with The Power of Coaching The 3 phases for SUCCESS: Create Awareness Develop Leadership Get Results Workshop: Awareness Workshop. Length: [&hellip;]\" \/>\n<meta property=\"og:url\" content=\"https:\/\/www.impactcoachingsolutions.com\/en\/leadership-with-the-power-of-coaching\/\" \/>\n<meta property=\"og:site_name\" content=\"Impact Coaching Solutions\" \/>\n<meta property=\"article:modified_time\" content=\"2018-11-30T21:48:27+00:00\" \/>\n<meta name=\"twitter:card\" content=\"summary\" \/>\n<meta name=\"twitter:label1\" content=\"Tiempo de lectura\" \/>\n\t<meta name=\"twitter:data1\" content=\"1 minuto\" \/>\n<script type=\"application\/ld+json\" class=\"yoast-schema-graph\">{\"@context\":\"https:\/\/schema.org\",\"@graph\":[{\"@type\":\"WebPage\",\"@id\":\"https:\/\/www.impactcoachingsolutions.com\/en\/leadership-with-the-power-of-coaching\/\",\"url\":\"https:\/\/www.impactcoachingsolutions.com\/en\/leadership-with-the-power-of-coaching\/\",\"name\":\"[:en]Leadership with the Power of Coaching[:] - Impact Coaching Solutions\",\"isPartOf\":{\"@id\":\"https:\/\/www.impactcoachingsolutions.com\/en\/#website\"},\"datePublished\":\"2018-11-30T18:44:39+00:00\",\"dateModified\":\"2018-11-30T21:48:27+00:00\",\"breadcrumb\":{\"@id\":\"https:\/\/www.impactcoachingsolutions.com\/en\/leadership-with-the-power-of-coaching\/#breadcrumb\"},\"inLanguage\":\"es\",\"potentialAction\":[{\"@type\":\"ReadAction\",\"target\":[\"https:\/\/www.impactcoachingsolutions.com\/en\/leadership-with-the-power-of-coaching\/\"]}]},{\"@type\":\"BreadcrumbList\",\"@id\":\"https:\/\/www.impactcoachingsolutions.com\/en\/leadership-with-the-power-of-coaching\/#breadcrumb\",\"itemListElement\":[{\"@type\":\"ListItem\",\"position\":1,\"name\":\"Home\",\"item\":\"https:\/\/www.impactcoachingsolutions.com\/en\/\"},{\"@type\":\"ListItem\",\"position\":2,\"name\":\"Leadership with the Power of Coaching\"}]},{\"@type\":\"WebSite\",\"@id\":\"https:\/\/www.impactcoachingsolutions.com\/en\/#website\",\"url\":\"https:\/\/www.impactcoachingsolutions.com\/en\/\",\"name\":\"Impact Coaching Solutions\",\"description\":\"Helping you get the results you want faster and better.\",\"potentialAction\":[{\"@type\":\"SearchAction\",\"target\":{\"@type\":\"EntryPoint\",\"urlTemplate\":\"https:\/\/www.impactcoachingsolutions.com\/en\/?s={search_term_string}\"},\"query-input\":\"required name=search_term_string\"}],\"inLanguage\":\"es\"}]}<\/script>\n<!-- \/ Yoast SEO plugin. -->","yoast_head_json":{"title":"[:en]Leadership with the Power of Coaching[:] - Impact Coaching Solutions","robots":{"index":"index","follow":"follow","max-snippet":"max-snippet:-1","max-image-preview":"max-image-preview:large","max-video-preview":"max-video-preview:-1"},"canonical":"https:\/\/www.impactcoachingsolutions.com\/en\/leadership-with-the-power-of-coaching\/","og_locale":"es_ES","og_type":"article","og_title":"[:en]Leadership with the Power of Coaching[:] - Impact Coaching Solutions","og_description":"Disculpa, pero esta entrada est\u00e1 disponible s\u00f3lo en Ingl\u00e9s Estadounidense. For the sake of viewer convenience, the content is shown below in the alternative language. You may click the link to switch the active language.Leadership with The Power of Coaching The 3 phases for SUCCESS: Create Awareness Develop Leadership Get Results Workshop: Awareness Workshop. Length: [&hellip;]","og_url":"https:\/\/www.impactcoachingsolutions.com\/en\/leadership-with-the-power-of-coaching\/","og_site_name":"Impact Coaching Solutions","article_modified_time":"2018-11-30T21:48:27+00:00","twitter_card":"summary","twitter_misc":{"Tiempo de lectura":"1 minuto"},"schema":{"@context":"https:\/\/schema.org","@graph":[{"@type":"WebPage","@id":"https:\/\/www.impactcoachingsolutions.com\/en\/leadership-with-the-power-of-coaching\/","url":"https:\/\/www.impactcoachingsolutions.com\/en\/leadership-with-the-power-of-coaching\/","name":"[:en]Leadership with the Power of Coaching[:] - Impact Coaching Solutions","isPartOf":{"@id":"https:\/\/www.impactcoachingsolutions.com\/en\/#website"},"datePublished":"2018-11-30T18:44:39+00:00","dateModified":"2018-11-30T21:48:27+00:00","breadcrumb":{"@id":"https:\/\/www.impactcoachingsolutions.com\/en\/leadership-with-the-power-of-coaching\/#breadcrumb"},"inLanguage":"es","potentialAction":[{"@type":"ReadAction","target":["https:\/\/www.impactcoachingsolutions.com\/en\/leadership-with-the-power-of-coaching\/"]}]},{"@type":"BreadcrumbList","@id":"https:\/\/www.impactcoachingsolutions.com\/en\/leadership-with-the-power-of-coaching\/#breadcrumb","itemListElement":[{"@type":"ListItem","position":1,"name":"Home","item":"https:\/\/www.impactcoachingsolutions.com\/en\/"},{"@type":"ListItem","position":2,"name":"Leadership with the Power of Coaching"}]},{"@type":"WebSite","@id":"https:\/\/www.impactcoachingsolutions.com\/en\/#website","url":"https:\/\/www.impactcoachingsolutions.com\/en\/","name":"Impact Coaching Solutions","description":"Helping you get the results you want faster and better.","potentialAction":[{"@type":"SearchAction","target":{"@type":"EntryPoint","urlTemplate":"https:\/\/www.impactcoachingsolutions.com\/en\/?s={search_term_string}"},"query-input":"required name=search_term_string"}],"inLanguage":"es"}]}},"_links":{"self":[{"href":"https:\/\/www.impactcoachingsolutions.com\/es\/wp-json\/wp\/v2\/pages\/2768"}],"collection":[{"href":"https:\/\/www.impactcoachingsolutions.com\/es\/wp-json\/wp\/v2\/pages"}],"about":[{"href":"https:\/\/www.impactcoachingsolutions.com\/es\/wp-json\/wp\/v2\/types\/page"}],"author":[{"embeddable":true,"href":"https:\/\/www.impactcoachingsolutions.com\/es\/wp-json\/wp\/v2\/users\/1"}],"replies":[{"embeddable":true,"href":"https:\/\/www.impactcoachingsolutions.com\/es\/wp-json\/wp\/v2\/comments?post=2768"}],"version-history":[{"count":21,"href":"https:\/\/www.impactcoachingsolutions.com\/es\/wp-json\/wp\/v2\/pages\/2768\/revisions"}],"predecessor-version":[{"id":2790,"href":"https:\/\/www.impactcoachingsolutions.com\/es\/wp-json\/wp\/v2\/pages\/2768\/revisions\/2790"}],"wp:attachment":[{"href":"https:\/\/www.impactcoachingsolutions.com\/es\/wp-json\/wp\/v2\/media?parent=2768"}],"curies":[{"name":"wp","href":"https:\/\/api.w.org\/{rel}","templated":true}]}}