{"id":3680,"date":"2022-02-28T16:41:35","date_gmt":"2022-02-28T16:41:35","guid":{"rendered":"https:\/\/www.impactcoachingsolutions.com\/en\/?page_id=3680"},"modified":"2022-03-08T01:16:21","modified_gmt":"2022-03-08T01:16:21","slug":"tell-me-more","status":"publish","type":"page","link":"https:\/\/www.impactcoachingsolutions.com\/es\/english-tell-me-more\/","title":{"rendered":"(English) Tell Me More"},"content":{"rendered":"<p class=\"qtranxs-available-languages-message qtranxs-available-languages-message-es\">Disculpa, pero esta entrada est\u00e1 disponible s\u00f3lo en <a href=\"https:\/\/www.impactcoachingsolutions.com\/en\/wp-json\/wp\/v2\/pages\/3680\" class=\"qtranxs-available-language-link qtranxs-available-language-link-en\" title=\"English\">Ingl\u00e9s Estadounidense<\/a>. For the sake of viewer convenience, the content is shown below in the alternative language. You may click the link to switch the active language.<\/p><iframe loading=\"lazy\" src=\"\/\/www.impactcoachingsolutions.com\/macro\/form\/3\" width=\"100%\" height=\"850\" scrolling=\"no\" \n style=\"width:100%;border: 0px;\"><\/p>\n<p>Your browser does not support iframes.<\/p>\n<p><\/iframe><br \/>","protected":false},"excerpt":{"rendered":"<p>Disculpa, pero esta entrada est\u00e1 disponible s\u00f3lo en Ingl\u00e9s Estadounidense. For the sake of viewer convenience, the content is shown below in the alternative language. You may click the link to switch the active language. Your browser does not support iframes.<\/p>\n","protected":false},"author":1,"featured_media":0,"parent":0,"menu_order":0,"comment_status":"closed","ping_status":"closed","template":"","meta":{"_et_pb_use_builder":"","_et_pb_old_content":"","_et_gb_content_width":""},"yoast_head":"<!-- This site is optimized with the Yoast SEO plugin v19.6.1 - https:\/\/yoast.com\/wordpress\/plugins\/seo\/ -->\n<title><\/title>\n<meta name=\"robots\" content=\"index, follow, max-snippet:-1, max-image-preview:large, max-video-preview:-1\" \/>\n<link rel=\"canonical\" href=\"https:\/\/www.impactcoachingsolutions.com\/en\/tell-me-more\/\" \/>\n<meta property=\"og:locale\" content=\"es_ES\" \/>\n<meta property=\"og:type\" content=\"article\" \/>\n<meta property=\"og:title\" content=\"[:en]Tell Me More[:] - Impact Coaching Solutions\" \/>\n<meta property=\"og:description\" content=\"Disculpa, pero esta entrada est\u00e1 disponible s\u00f3lo en Ingl\u00e9s Estadounidense. For the sake of viewer convenience, the content is shown below in the alternative language. You may click the link to switch the active language. Your browser does not support iframes.\" \/>\n<meta property=\"og:url\" content=\"https:\/\/www.impactcoachingsolutions.com\/en\/tell-me-more\/\" \/>\n<meta property=\"og:site_name\" content=\"Impact Coaching Solutions\" \/>\n<meta property=\"article:modified_time\" content=\"2022-03-08T01:16:21+00:00\" \/>\n<meta name=\"twitter:card\" content=\"summary\" \/>\n<script type=\"application\/ld+json\" class=\"yoast-schema-graph\">{\"@context\":\"https:\/\/schema.org\",\"@graph\":[{\"@type\":\"WebPage\",\"@id\":\"https:\/\/www.impactcoachingsolutions.com\/en\/tell-me-more\/\",\"url\":\"https:\/\/www.impactcoachingsolutions.com\/en\/tell-me-more\/\",\"name\":\"[:en]Tell Me More[:] - Impact Coaching Solutions\",\"isPartOf\":{\"@id\":\"https:\/\/www.impactcoachingsolutions.com\/en\/#website\"},\"datePublished\":\"2022-02-28T16:41:35+00:00\",\"dateModified\":\"2022-03-08T01:16:21+00:00\",\"breadcrumb\":{\"@id\":\"https:\/\/www.impactcoachingsolutions.com\/en\/tell-me-more\/#breadcrumb\"},\"inLanguage\":\"es\",\"potentialAction\":[{\"@type\":\"ReadAction\",\"target\":[\"https:\/\/www.impactcoachingsolutions.com\/en\/tell-me-more\/\"]}]},{\"@type\":\"BreadcrumbList\",\"@id\":\"https:\/\/www.impactcoachingsolutions.com\/en\/tell-me-more\/#breadcrumb\",\"itemListElement\":[{\"@type\":\"ListItem\",\"position\":1,\"name\":\"Home\",\"item\":\"https:\/\/www.impactcoachingsolutions.com\/en\/\"},{\"@type\":\"ListItem\",\"position\":2,\"name\":\"Tell Me More\"}]},{\"@type\":\"WebSite\",\"@id\":\"https:\/\/www.impactcoachingsolutions.com\/en\/#website\",\"url\":\"https:\/\/www.impactcoachingsolutions.com\/en\/\",\"name\":\"Impact Coaching Solutions\",\"description\":\"Helping you get the results you want faster and better.\",\"potentialAction\":[{\"@type\":\"SearchAction\",\"target\":{\"@type\":\"EntryPoint\",\"urlTemplate\":\"https:\/\/www.impactcoachingsolutions.com\/en\/?s={search_term_string}\"},\"query-input\":\"required name=search_term_string\"}],\"inLanguage\":\"es\"}]}<\/script>\n<!-- \/ Yoast SEO plugin. -->","yoast_head_json":{"title":"[:en]Tell Me More[:] - Impact Coaching Solutions","robots":{"index":"index","follow":"follow","max-snippet":"max-snippet:-1","max-image-preview":"max-image-preview:large","max-video-preview":"max-video-preview:-1"},"canonical":"https:\/\/www.impactcoachingsolutions.com\/en\/tell-me-more\/","og_locale":"es_ES","og_type":"article","og_title":"[:en]Tell Me More[:] - Impact Coaching Solutions","og_description":"Disculpa, pero esta entrada est\u00e1 disponible s\u00f3lo en Ingl\u00e9s Estadounidense. For the sake of viewer convenience, the content is shown below in the alternative language. You may click the link to switch the active language. Your browser does not support iframes.","og_url":"https:\/\/www.impactcoachingsolutions.com\/en\/tell-me-more\/","og_site_name":"Impact Coaching Solutions","article_modified_time":"2022-03-08T01:16:21+00:00","twitter_card":"summary","schema":{"@context":"https:\/\/schema.org","@graph":[{"@type":"WebPage","@id":"https:\/\/www.impactcoachingsolutions.com\/en\/tell-me-more\/","url":"https:\/\/www.impactcoachingsolutions.com\/en\/tell-me-more\/","name":"[:en]Tell Me More[:] - Impact Coaching Solutions","isPartOf":{"@id":"https:\/\/www.impactcoachingsolutions.com\/en\/#website"},"datePublished":"2022-02-28T16:41:35+00:00","dateModified":"2022-03-08T01:16:21+00:00","breadcrumb":{"@id":"https:\/\/www.impactcoachingsolutions.com\/en\/tell-me-more\/#breadcrumb"},"inLanguage":"es","potentialAction":[{"@type":"ReadAction","target":["https:\/\/www.impactcoachingsolutions.com\/en\/tell-me-more\/"]}]},{"@type":"BreadcrumbList","@id":"https:\/\/www.impactcoachingsolutions.com\/en\/tell-me-more\/#breadcrumb","itemListElement":[{"@type":"ListItem","position":1,"name":"Home","item":"https:\/\/www.impactcoachingsolutions.com\/en\/"},{"@type":"ListItem","position":2,"name":"Tell Me More"}]},{"@type":"WebSite","@id":"https:\/\/www.impactcoachingsolutions.com\/en\/#website","url":"https:\/\/www.impactcoachingsolutions.com\/en\/","name":"Impact Coaching Solutions","description":"Helping you get the results you want faster and better.","potentialAction":[{"@type":"SearchAction","target":{"@type":"EntryPoint","urlTemplate":"https:\/\/www.impactcoachingsolutions.com\/en\/?s={search_term_string}"},"query-input":"required name=search_term_string"}],"inLanguage":"es"}]}},"_links":{"self":[{"href":"https:\/\/www.impactcoachingsolutions.com\/es\/wp-json\/wp\/v2\/pages\/3680"}],"collection":[{"href":"https:\/\/www.impactcoachingsolutions.com\/es\/wp-json\/wp\/v2\/pages"}],"about":[{"href":"https:\/\/www.impactcoachingsolutions.com\/es\/wp-json\/wp\/v2\/types\/page"}],"author":[{"embeddable":true,"href":"https:\/\/www.impactcoachingsolutions.com\/es\/wp-json\/wp\/v2\/users\/1"}],"replies":[{"embeddable":true,"href":"https:\/\/www.impactcoachingsolutions.com\/es\/wp-json\/wp\/v2\/comments?post=3680"}],"version-history":[{"count":4,"href":"https:\/\/www.impactcoachingsolutions.com\/es\/wp-json\/wp\/v2\/pages\/3680\/revisions"}],"predecessor-version":[{"id":3713,"href":"https:\/\/www.impactcoachingsolutions.com\/es\/wp-json\/wp\/v2\/pages\/3680\/revisions\/3713"}],"wp:attachment":[{"href":"https:\/\/www.impactcoachingsolutions.com\/es\/wp-json\/wp\/v2\/media?parent=3680"}],"curies":[{"name":"wp","href":"https:\/\/api.w.org\/{rel}","templated":true}]}}